{"id":92,"date":"2021-02-03T15:23:20","date_gmt":"2021-02-03T14:23:20","guid":{"rendered":"http:\/\/2batzcc.com\/?page_id=92"},"modified":"2022-02-08T10:15:21","modified_gmt":"2022-02-08T09:15:21","slug":"references","status":"publish","type":"page","link":"https:\/\/2batzcc.com\/index.php\/references\/","title":{"rendered":"R\u00e9f\u00e9rences"},"content":{"rendered":"\n<p>Mon activit\u00e9 a d\u00e9marr\u00e9 le 1er d\u00e9cembre 2020 : mes r\u00e9f\u00e9rences sont les suivantes :<\/p>\n\n\n\n<ul class=\"wp-block-list\"><li>Remise en \u00e9tat collection Ferrari 456 GT de 1994<\/li><li>Remise en \u00e9tat collection Jaguar XK8  convertible de 2003<\/li><li>Remise en \u00e9tat collection 306 Cabriolet 1,6l de 2002<\/li><li>Recherche, achat et remise en \u00e9tat d&rsquo;une 2Cv Charleston<\/li><li>Recherche Peugeot 204 coup\u00e9 et 504 Cabriolet<\/li><li>Remise en \u00e9tat Jaguar XJ6 de 1997 <\/li><\/ul>\n\n\n\n<figure class=\"wp-block-image size-full is-style-rounded\"><img loading=\"lazy\" decoding=\"async\" width=\"160\" height=\"120\" src=\"https:\/\/2batzcc.com\/wp-content\/uploads\/2022\/02\/IMG_4058.jpg\" alt=\"\" class=\"wp-image-277\"\/><\/figure>\n\n\n\n<p><\/p>\n","protected":false},"excerpt":{"rendered":"<p>Mon activit\u00e9 a d\u00e9marr\u00e9 le 1er d\u00e9cembre 2020 : mes r\u00e9f\u00e9rences sont les suivantes : Remise en \u00e9tat collection Ferrari 456 GT de 1994 Remise en \u00e9tat collection Jaguar XK8 convertible de 2003 Remise en \u00e9tat collection 306 Cabriolet 1,6l de 2002 Recherche, achat et remise en \u00e9tat d&rsquo;une 2Cv Charleston Recherche Peugeot 204 coup\u00e9 &hellip;<\/p>\n<p class=\"read-more\"> <a class=\"\" href=\"https:\/\/2batzcc.com\/index.php\/references\/\"> <span class=\"screen-reader-text\">R\u00e9f\u00e9rences<\/span> Lire la suite\u00a0\u00bb<\/a><\/p>\n","protected":false},"author":1,"featured_media":0,"parent":0,"menu_order":0,"comment_status":"closed","ping_status":"closed","template":"","meta":{"site-sidebar-layout":"default","site-content-layout":"default","ast-main-header-display":"","ast-hfb-above-header-display":"","ast-hfb-below-header-display":"","ast-hfb-mobile-header-display":"","site-post-title":"","ast-breadcrumbs-content":"","ast-featured-img":"","footer-sml-layout":"","theme-transparent-header-meta":"","adv-header-id-meta":"","stick-header-meta":"","header-above-stick-meta":"","header-main-stick-meta":"","header-below-stick-meta":"","footnotes":""},"class_list":["post-92","page","type-page","status-publish","hentry"],"yoast_head":"<!-- This site is optimized with the Yoast SEO plugin v24.9 - https:\/\/yoast.com\/wordpress\/plugins\/seo\/ -->\n<title>R\u00e9f\u00e9rences - 2Batz CC<\/title>\n<meta name=\"robots\" content=\"index, follow, max-snippet:-1, max-image-preview:large, max-video-preview:-1\" \/>\n<link rel=\"canonical\" href=\"https:\/\/2batzcc.com\/index.php\/references\/\" \/>\n<meta property=\"og:locale\" content=\"fr_FR\" \/>\n<meta property=\"og:type\" content=\"article\" \/>\n<meta property=\"og:title\" content=\"R\u00e9f\u00e9rences - 2Batz CC\" \/>\n<meta property=\"og:description\" content=\"Mon activit\u00e9 a d\u00e9marr\u00e9 le 1er d\u00e9cembre 2020 : mes r\u00e9f\u00e9rences sont les suivantes : Remise en \u00e9tat collection Ferrari 456 GT de 1994 Remise en \u00e9tat collection Jaguar XK8 convertible de 2003 Remise en \u00e9tat collection 306 Cabriolet 1,6l de 2002 Recherche, achat et remise en \u00e9tat d&rsquo;une 2Cv Charleston Recherche Peugeot 204 coup\u00e9 &hellip; R\u00e9f\u00e9rences Lire la suite\u00a0\u00bb\" \/>\n<meta property=\"og:url\" content=\"https:\/\/2batzcc.com\/index.php\/references\/\" \/>\n<meta property=\"og:site_name\" content=\"2Batz CC\" \/>\n<meta property=\"article:modified_time\" content=\"2022-02-08T09:15:21+00:00\" \/>\n<meta property=\"og:image\" content=\"https:\/\/2batzcc.com\/wp-content\/uploads\/2022\/02\/IMG_4058.jpg\" \/>\n<meta name=\"twitter:card\" content=\"summary_large_image\" \/>\n<meta name=\"twitter:label1\" content=\"Dur\u00e9e de lecture estim\u00e9e\" \/>\n\t<meta name=\"twitter:data1\" content=\"1 minute\" \/>\n<script type=\"application\/ld+json\" class=\"yoast-schema-graph\">{\"@context\":\"https:\/\/schema.org\",\"@graph\":[{\"@type\":\"WebPage\",\"@id\":\"https:\/\/2batzcc.com\/index.php\/references\/\",\"url\":\"https:\/\/2batzcc.com\/index.php\/references\/\",\"name\":\"R\u00e9f\u00e9rences - 2Batz CC\",\"isPartOf\":{\"@id\":\"https:\/\/2batzcc.com\/#website\"},\"primaryImageOfPage\":{\"@id\":\"https:\/\/2batzcc.com\/index.php\/references\/#primaryimage\"},\"image\":{\"@id\":\"https:\/\/2batzcc.com\/index.php\/references\/#primaryimage\"},\"thumbnailUrl\":\"https:\/\/2batzcc.com\/wp-content\/uploads\/2022\/02\/IMG_4058.jpg\",\"datePublished\":\"2021-02-03T14:23:20+00:00\",\"dateModified\":\"2022-02-08T09:15:21+00:00\",\"breadcrumb\":{\"@id\":\"https:\/\/2batzcc.com\/index.php\/references\/#breadcrumb\"},\"inLanguage\":\"fr-FR\",\"potentialAction\":[{\"@type\":\"ReadAction\",\"target\":[\"https:\/\/2batzcc.com\/index.php\/references\/\"]}]},{\"@type\":\"ImageObject\",\"inLanguage\":\"fr-FR\",\"@id\":\"https:\/\/2batzcc.com\/index.php\/references\/#primaryimage\",\"url\":\"https:\/\/2batzcc.com\/wp-content\/uploads\/2022\/02\/IMG_4058.jpg\",\"contentUrl\":\"https:\/\/2batzcc.com\/wp-content\/uploads\/2022\/02\/IMG_4058.jpg\",\"width\":160,\"height\":120},{\"@type\":\"BreadcrumbList\",\"@id\":\"https:\/\/2batzcc.com\/index.php\/references\/#breadcrumb\",\"itemListElement\":[{\"@type\":\"ListItem\",\"position\":1,\"name\":\"Accueil\",\"item\":\"https:\/\/2batzcc.com\/\"},{\"@type\":\"ListItem\",\"position\":2,\"name\":\"R\u00e9f\u00e9rences\"}]},{\"@type\":\"WebSite\",\"@id\":\"https:\/\/2batzcc.com\/#website\",\"url\":\"https:\/\/2batzcc.com\/\",\"name\":\"2Batz CC\",\"description\":\"2Batz C\",\"publisher\":{\"@id\":\"https:\/\/2batzcc.com\/#organization\"},\"potentialAction\":[{\"@type\":\"SearchAction\",\"target\":{\"@type\":\"EntryPoint\",\"urlTemplate\":\"https:\/\/2batzcc.com\/?s={search_term_string}\"},\"query-input\":{\"@type\":\"PropertyValueSpecification\",\"valueRequired\":true,\"valueName\":\"search_term_string\"}}],\"inLanguage\":\"fr-FR\"},{\"@type\":\"Organization\",\"@id\":\"https:\/\/2batzcc.com\/#organization\",\"name\":\"2Batz CC\",\"url\":\"https:\/\/2batzcc.com\/\",\"logo\":{\"@type\":\"ImageObject\",\"inLanguage\":\"fr-FR\",\"@id\":\"https:\/\/2batzcc.com\/#\/schema\/logo\/image\/\",\"url\":\"https:\/\/2batzcc.com\/wp-content\/uploads\/2021\/02\/cropped-Logo-2Batz-Classic-Cars-e1612195067603.png\",\"contentUrl\":\"https:\/\/2batzcc.com\/wp-content\/uploads\/2021\/02\/cropped-Logo-2Batz-Classic-Cars-e1612195067603.png\",\"width\":354,\"height\":185,\"caption\":\"2Batz CC\"},\"image\":{\"@id\":\"https:\/\/2batzcc.com\/#\/schema\/logo\/image\/\"}}]}<\/script>\n<!-- \/ Yoast SEO plugin. -->","yoast_head_json":{"title":"R\u00e9f\u00e9rences - 2Batz CC","robots":{"index":"index","follow":"follow","max-snippet":"max-snippet:-1","max-image-preview":"max-image-preview:large","max-video-preview":"max-video-preview:-1"},"canonical":"https:\/\/2batzcc.com\/index.php\/references\/","og_locale":"fr_FR","og_type":"article","og_title":"R\u00e9f\u00e9rences - 2Batz CC","og_description":"Mon activit\u00e9 a d\u00e9marr\u00e9 le 1er d\u00e9cembre 2020 : mes r\u00e9f\u00e9rences sont les suivantes : Remise en \u00e9tat collection Ferrari 456 GT de 1994 Remise en \u00e9tat collection Jaguar XK8 convertible de 2003 Remise en \u00e9tat collection 306 Cabriolet 1,6l de 2002 Recherche, achat et remise en \u00e9tat d&rsquo;une 2Cv Charleston Recherche Peugeot 204 coup\u00e9 &hellip; R\u00e9f\u00e9rences Lire la suite\u00a0\u00bb","og_url":"https:\/\/2batzcc.com\/index.php\/references\/","og_site_name":"2Batz CC","article_modified_time":"2022-02-08T09:15:21+00:00","og_image":[{"url":"https:\/\/2batzcc.com\/wp-content\/uploads\/2022\/02\/IMG_4058.jpg","type":"","width":"","height":""}],"twitter_card":"summary_large_image","twitter_misc":{"Dur\u00e9e de lecture estim\u00e9e":"1 minute"},"schema":{"@context":"https:\/\/schema.org","@graph":[{"@type":"WebPage","@id":"https:\/\/2batzcc.com\/index.php\/references\/","url":"https:\/\/2batzcc.com\/index.php\/references\/","name":"R\u00e9f\u00e9rences - 2Batz CC","isPartOf":{"@id":"https:\/\/2batzcc.com\/#website"},"primaryImageOfPage":{"@id":"https:\/\/2batzcc.com\/index.php\/references\/#primaryimage"},"image":{"@id":"https:\/\/2batzcc.com\/index.php\/references\/#primaryimage"},"thumbnailUrl":"https:\/\/2batzcc.com\/wp-content\/uploads\/2022\/02\/IMG_4058.jpg","datePublished":"2021-02-03T14:23:20+00:00","dateModified":"2022-02-08T09:15:21+00:00","breadcrumb":{"@id":"https:\/\/2batzcc.com\/index.php\/references\/#breadcrumb"},"inLanguage":"fr-FR","potentialAction":[{"@type":"ReadAction","target":["https:\/\/2batzcc.com\/index.php\/references\/"]}]},{"@type":"ImageObject","inLanguage":"fr-FR","@id":"https:\/\/2batzcc.com\/index.php\/references\/#primaryimage","url":"https:\/\/2batzcc.com\/wp-content\/uploads\/2022\/02\/IMG_4058.jpg","contentUrl":"https:\/\/2batzcc.com\/wp-content\/uploads\/2022\/02\/IMG_4058.jpg","width":160,"height":120},{"@type":"BreadcrumbList","@id":"https:\/\/2batzcc.com\/index.php\/references\/#breadcrumb","itemListElement":[{"@type":"ListItem","position":1,"name":"Accueil","item":"https:\/\/2batzcc.com\/"},{"@type":"ListItem","position":2,"name":"R\u00e9f\u00e9rences"}]},{"@type":"WebSite","@id":"https:\/\/2batzcc.com\/#website","url":"https:\/\/2batzcc.com\/","name":"2Batz CC","description":"2Batz C","publisher":{"@id":"https:\/\/2batzcc.com\/#organization"},"potentialAction":[{"@type":"SearchAction","target":{"@type":"EntryPoint","urlTemplate":"https:\/\/2batzcc.com\/?s={search_term_string}"},"query-input":{"@type":"PropertyValueSpecification","valueRequired":true,"valueName":"search_term_string"}}],"inLanguage":"fr-FR"},{"@type":"Organization","@id":"https:\/\/2batzcc.com\/#organization","name":"2Batz CC","url":"https:\/\/2batzcc.com\/","logo":{"@type":"ImageObject","inLanguage":"fr-FR","@id":"https:\/\/2batzcc.com\/#\/schema\/logo\/image\/","url":"https:\/\/2batzcc.com\/wp-content\/uploads\/2021\/02\/cropped-Logo-2Batz-Classic-Cars-e1612195067603.png","contentUrl":"https:\/\/2batzcc.com\/wp-content\/uploads\/2021\/02\/cropped-Logo-2Batz-Classic-Cars-e1612195067603.png","width":354,"height":185,"caption":"2Batz CC"},"image":{"@id":"https:\/\/2batzcc.com\/#\/schema\/logo\/image\/"}}]}},"_links":{"self":[{"href":"https:\/\/2batzcc.com\/index.php\/wp-json\/wp\/v2\/pages\/92","targetHints":{"allow":["GET"]}}],"collection":[{"href":"https:\/\/2batzcc.com\/index.php\/wp-json\/wp\/v2\/pages"}],"about":[{"href":"https:\/\/2batzcc.com\/index.php\/wp-json\/wp\/v2\/types\/page"}],"author":[{"embeddable":true,"href":"https:\/\/2batzcc.com\/index.php\/wp-json\/wp\/v2\/users\/1"}],"replies":[{"embeddable":true,"href":"https:\/\/2batzcc.com\/index.php\/wp-json\/wp\/v2\/comments?post=92"}],"version-history":[{"count":7,"href":"https:\/\/2batzcc.com\/index.php\/wp-json\/wp\/v2\/pages\/92\/revisions"}],"predecessor-version":[{"id":278,"href":"https:\/\/2batzcc.com\/index.php\/wp-json\/wp\/v2\/pages\/92\/revisions\/278"}],"wp:attachment":[{"href":"https:\/\/2batzcc.com\/index.php\/wp-json\/wp\/v2\/media?parent=92"}],"curies":[{"name":"wp","href":"https:\/\/api.w.org\/{rel}","templated":true}]}}