{"id":113,"date":"2021-02-04T14:51:01","date_gmt":"2021-02-04T13:51:01","guid":{"rendered":"http:\/\/2batzcc.com\/?page_id=113"},"modified":"2021-05-04T10:44:30","modified_gmt":"2021-05-04T08:44:30","slug":"qui-sommes-nous","status":"publish","type":"page","link":"https:\/\/2batzcc.com\/index.php\/qui-sommes-nous\/","title":{"rendered":"Qui sommes-nous ?"},"content":{"rendered":"\n<h2 class=\"wp-block-heading\"><span style=\"color:#0006a3\" class=\"has-inline-color\">La passion comme service<\/span>  <\/h2>\n\n\n\n<p>Baign\u00e9 depuis sa plus tendre enfance dans l\u2019univers de l\u2019automobile et plus pr\u00e9cis\u00e9ment les belles voitures de collection, berc\u00e9 par le glougloutement de la Ford Vedette V8 de son grand P\u00e8re, faute d&rsquo;avoir connu sa mythique Panhard Panoramique ci-dessous, ou bien les voitures de sport des amis de ses parents, et apr\u00e8s une carri\u00e8re bien men\u00e9e dans l&rsquo;informatique, Philippe de Batz a d\u00e9sormais le plaisir d&rsquo;assouvir sa passion de l&rsquo;automobile et de la mettre \u00e0 votre disposition. <\/p>\n\n\n\n<figure class=\"wp-block-image size-full is-style-rounded\"><img loading=\"lazy\" decoding=\"async\" width=\"929\" height=\"598\" src=\"https:\/\/2batzcc.com\/wp-content\/uploads\/2021\/05\/Panhard-Panoramique-Philippe-du-Boys.jpg\" alt=\"\" class=\"wp-image-219\" srcset=\"https:\/\/2batzcc.com\/wp-content\/uploads\/2021\/05\/Panhard-Panoramique-Philippe-du-Boys.jpg 929w, https:\/\/2batzcc.com\/wp-content\/uploads\/2021\/05\/Panhard-Panoramique-Philippe-du-Boys-300x193.jpg 300w, https:\/\/2batzcc.com\/wp-content\/uploads\/2021\/05\/Panhard-Panoramique-Philippe-du-Boys-768x494.jpg 768w\" sizes=\"auto, (max-width: 929px) 100vw, 929px\" \/><figcaption>Panhard Panoramique 1934<\/figcaption><\/figure>\n\n\n\n<div class=\"wp-block-image\"><figure class=\"aligncenter size-large is-resized\"><img loading=\"lazy\" decoding=\"async\" src=\"https:\/\/2batzcc.com\/wp-content\/uploads\/2021\/02\/Ford-Vedette-1953-1024x530.jpg\" alt=\"\" class=\"wp-image-115\" width=\"768\" height=\"398\" srcset=\"https:\/\/2batzcc.com\/wp-content\/uploads\/2021\/02\/Ford-Vedette-1953-1024x530.jpg 1024w, https:\/\/2batzcc.com\/wp-content\/uploads\/2021\/02\/Ford-Vedette-1953-300x155.jpg 300w, https:\/\/2batzcc.com\/wp-content\/uploads\/2021\/02\/Ford-Vedette-1953-768x397.jpg 768w, https:\/\/2batzcc.com\/wp-content\/uploads\/2021\/02\/Ford-Vedette-1953-1536x794.jpg 1536w, https:\/\/2batzcc.com\/wp-content\/uploads\/2021\/02\/Ford-Vedette-1953.jpg 1754w\" sizes=\"auto, (max-width: 768px) 100vw, 768px\" \/><figcaption><span class=\"has-inline-color has-vivid-cyan-blue-color\">Ford Vedette 1953<\/span><\/figcaption><\/figure><\/div>\n\n\n\n<p> Ses maitres mots sont service, confiance, comp\u00e9tence, transparence et honn\u00eatet\u00e9.<\/p>\n\n\n\n<p>Fin 2020, comme une \u00e9vidence, Philippe de Batz lance <em>\u00ab\u00a02batz Classic Car\u00a0\u00bb<\/em>, faisant r\u00e9f\u00e9rence \u00e0 ses origines, son nom et sa passion. Une entreprise au service des passionn\u00e9s d\u2019automobile qui regroupe l\u2019ensemble des prestations recherch\u00e9es par un collectionneur. A savoir : Conseil, Achat, Vente, Remise en \u00e9tat m\u00e9canique et carrosserie, et Accompagnement. <\/p>\n\n\n\n<p>Le but : me substituer \u00e0 vous qui disposez de peu de temps, pour vous remettre clef en main le v\u00e9hicule de vos r\u00eaves, comme si je le faisais pour moi.<\/p>\n\n\n\n<div class=\"wp-block-image\"><figure class=\"aligncenter size-large is-resized\"><img loading=\"lazy\" decoding=\"async\" src=\"https:\/\/2batzcc.com\/wp-content\/uploads\/2021\/02\/Ferrari_011-1024x488.jpg\" alt=\"\" class=\"wp-image-114\" width=\"798\" height=\"380\" srcset=\"https:\/\/2batzcc.com\/wp-content\/uploads\/2021\/02\/Ferrari_011-1024x488.jpg 1024w, https:\/\/2batzcc.com\/wp-content\/uploads\/2021\/02\/Ferrari_011-300x143.jpg 300w, https:\/\/2batzcc.com\/wp-content\/uploads\/2021\/02\/Ferrari_011-768x366.jpg 768w, https:\/\/2batzcc.com\/wp-content\/uploads\/2021\/02\/Ferrari_011.jpg 1424w\" sizes=\"auto, (max-width: 798px) 100vw, 798px\" \/><figcaption><span class=\"has-inline-color has-vivid-cyan-blue-color\">Ferrari 275 GTB\/C 1966<\/span><\/figcaption><\/figure><\/div>\n\n\n\n<p>A date, Philippe de Batz poss\u00e8de lui-m\u00eame trois voitures de collection, une anglaise, une italienne et une fran\u00e7aise. Toutes trois encore \u00ab\u00a0young timers\u00a0\u00bb, elles vont bient\u00f4t passer en \u00ab\u00a0Collection\u00a0\u00bb.<\/p>\n\n\n\n<p>Il est membre depuis 2016 du club Ferrari de France et depuis 2015 du \u00ab\u00a0Jaguar Enthusiasts Club UK\u00a0\u00bb<\/p>\n","protected":false},"excerpt":{"rendered":"<p>La passion comme service Baign\u00e9 depuis sa plus tendre enfance dans l\u2019univers de l\u2019automobile et plus pr\u00e9cis\u00e9ment les belles voitures de collection, berc\u00e9 par le glougloutement de la Ford Vedette V8 de son grand P\u00e8re, faute d&rsquo;avoir connu sa mythique Panhard Panoramique ci-dessous, ou bien les voitures de sport des amis de ses parents, et &hellip;<\/p>\n<p class=\"read-more\"> <a class=\"\" href=\"https:\/\/2batzcc.com\/index.php\/qui-sommes-nous\/\"> <span class=\"screen-reader-text\">Qui sommes-nous ?<\/span> Lire la suite\u00a0\u00bb<\/a><\/p>\n","protected":false},"author":1,"featured_media":0,"parent":0,"menu_order":0,"comment_status":"closed","ping_status":"closed","template":"","meta":{"site-sidebar-layout":"default","site-content-layout":"default","ast-main-header-display":"","ast-hfb-above-header-display":"","ast-hfb-below-header-display":"","ast-hfb-mobile-header-display":"","site-post-title":"","ast-breadcrumbs-content":"","ast-featured-img":"","footer-sml-layout":"","theme-transparent-header-meta":"default","adv-header-id-meta":"","stick-header-meta":"","header-above-stick-meta":"","header-main-stick-meta":"","header-below-stick-meta":"","footnotes":""},"class_list":["post-113","page","type-page","status-publish","hentry"],"yoast_head":"<!-- This site is optimized with the Yoast SEO plugin v24.9 - https:\/\/yoast.com\/wordpress\/plugins\/seo\/ -->\n<title>Qui sommes-nous ? - 2Batz CC<\/title>\n<meta name=\"robots\" content=\"index, follow, max-snippet:-1, max-image-preview:large, max-video-preview:-1\" \/>\n<link rel=\"canonical\" href=\"https:\/\/2batzcc.com\/index.php\/qui-sommes-nous\/\" \/>\n<meta property=\"og:locale\" content=\"fr_FR\" \/>\n<meta property=\"og:type\" content=\"article\" \/>\n<meta property=\"og:title\" content=\"Qui sommes-nous ? - 2Batz CC\" \/>\n<meta property=\"og:description\" content=\"La passion comme service Baign\u00e9 depuis sa plus tendre enfance dans l\u2019univers de l\u2019automobile et plus pr\u00e9cis\u00e9ment les belles voitures de collection, berc\u00e9 par le glougloutement de la Ford Vedette V8 de son grand P\u00e8re, faute d&rsquo;avoir connu sa mythique Panhard Panoramique ci-dessous, ou bien les voitures de sport des amis de ses parents, et &hellip; Qui sommes-nous ? Lire la suite\u00a0\u00bb\" \/>\n<meta property=\"og:url\" content=\"https:\/\/2batzcc.com\/index.php\/qui-sommes-nous\/\" \/>\n<meta property=\"og:site_name\" content=\"2Batz CC\" \/>\n<meta property=\"article:modified_time\" content=\"2021-05-04T08:44:30+00:00\" \/>\n<meta property=\"og:image\" content=\"https:\/\/2batzcc.com\/wp-content\/uploads\/2021\/05\/Panhard-Panoramique-Philippe-du-Boys.jpg\" \/>\n<meta name=\"twitter:card\" content=\"summary_large_image\" \/>\n<meta name=\"twitter:label1\" content=\"Dur\u00e9e de lecture estim\u00e9e\" \/>\n\t<meta name=\"twitter:data1\" content=\"2 minutes\" \/>\n<script type=\"application\/ld+json\" class=\"yoast-schema-graph\">{\"@context\":\"https:\/\/schema.org\",\"@graph\":[{\"@type\":\"WebPage\",\"@id\":\"https:\/\/2batzcc.com\/index.php\/qui-sommes-nous\/\",\"url\":\"https:\/\/2batzcc.com\/index.php\/qui-sommes-nous\/\",\"name\":\"Qui sommes-nous ? - 2Batz CC\",\"isPartOf\":{\"@id\":\"https:\/\/2batzcc.com\/#website\"},\"primaryImageOfPage\":{\"@id\":\"https:\/\/2batzcc.com\/index.php\/qui-sommes-nous\/#primaryimage\"},\"image\":{\"@id\":\"https:\/\/2batzcc.com\/index.php\/qui-sommes-nous\/#primaryimage\"},\"thumbnailUrl\":\"https:\/\/2batzcc.com\/wp-content\/uploads\/2021\/05\/Panhard-Panoramique-Philippe-du-Boys.jpg\",\"datePublished\":\"2021-02-04T13:51:01+00:00\",\"dateModified\":\"2021-05-04T08:44:30+00:00\",\"breadcrumb\":{\"@id\":\"https:\/\/2batzcc.com\/index.php\/qui-sommes-nous\/#breadcrumb\"},\"inLanguage\":\"fr-FR\",\"potentialAction\":[{\"@type\":\"ReadAction\",\"target\":[\"https:\/\/2batzcc.com\/index.php\/qui-sommes-nous\/\"]}]},{\"@type\":\"ImageObject\",\"inLanguage\":\"fr-FR\",\"@id\":\"https:\/\/2batzcc.com\/index.php\/qui-sommes-nous\/#primaryimage\",\"url\":\"https:\/\/2batzcc.com\/wp-content\/uploads\/2021\/05\/Panhard-Panoramique-Philippe-du-Boys.jpg\",\"contentUrl\":\"https:\/\/2batzcc.com\/wp-content\/uploads\/2021\/05\/Panhard-Panoramique-Philippe-du-Boys.jpg\",\"width\":929,\"height\":598},{\"@type\":\"BreadcrumbList\",\"@id\":\"https:\/\/2batzcc.com\/index.php\/qui-sommes-nous\/#breadcrumb\",\"itemListElement\":[{\"@type\":\"ListItem\",\"position\":1,\"name\":\"Accueil\",\"item\":\"https:\/\/2batzcc.com\/\"},{\"@type\":\"ListItem\",\"position\":2,\"name\":\"Qui sommes-nous ?\"}]},{\"@type\":\"WebSite\",\"@id\":\"https:\/\/2batzcc.com\/#website\",\"url\":\"https:\/\/2batzcc.com\/\",\"name\":\"2Batz CC\",\"description\":\"2Batz C\",\"publisher\":{\"@id\":\"https:\/\/2batzcc.com\/#organization\"},\"potentialAction\":[{\"@type\":\"SearchAction\",\"target\":{\"@type\":\"EntryPoint\",\"urlTemplate\":\"https:\/\/2batzcc.com\/?s={search_term_string}\"},\"query-input\":{\"@type\":\"PropertyValueSpecification\",\"valueRequired\":true,\"valueName\":\"search_term_string\"}}],\"inLanguage\":\"fr-FR\"},{\"@type\":\"Organization\",\"@id\":\"https:\/\/2batzcc.com\/#organization\",\"name\":\"2Batz CC\",\"url\":\"https:\/\/2batzcc.com\/\",\"logo\":{\"@type\":\"ImageObject\",\"inLanguage\":\"fr-FR\",\"@id\":\"https:\/\/2batzcc.com\/#\/schema\/logo\/image\/\",\"url\":\"https:\/\/2batzcc.com\/wp-content\/uploads\/2021\/02\/cropped-Logo-2Batz-Classic-Cars-e1612195067603.png\",\"contentUrl\":\"https:\/\/2batzcc.com\/wp-content\/uploads\/2021\/02\/cropped-Logo-2Batz-Classic-Cars-e1612195067603.png\",\"width\":354,\"height\":185,\"caption\":\"2Batz CC\"},\"image\":{\"@id\":\"https:\/\/2batzcc.com\/#\/schema\/logo\/image\/\"}}]}<\/script>\n<!-- \/ Yoast SEO plugin. -->","yoast_head_json":{"title":"Qui sommes-nous ? - 2Batz CC","robots":{"index":"index","follow":"follow","max-snippet":"max-snippet:-1","max-image-preview":"max-image-preview:large","max-video-preview":"max-video-preview:-1"},"canonical":"https:\/\/2batzcc.com\/index.php\/qui-sommes-nous\/","og_locale":"fr_FR","og_type":"article","og_title":"Qui sommes-nous ? - 2Batz CC","og_description":"La passion comme service Baign\u00e9 depuis sa plus tendre enfance dans l\u2019univers de l\u2019automobile et plus pr\u00e9cis\u00e9ment les belles voitures de collection, berc\u00e9 par le glougloutement de la Ford Vedette V8 de son grand P\u00e8re, faute d&rsquo;avoir connu sa mythique Panhard Panoramique ci-dessous, ou bien les voitures de sport des amis de ses parents, et &hellip; Qui sommes-nous ? Lire la suite\u00a0\u00bb","og_url":"https:\/\/2batzcc.com\/index.php\/qui-sommes-nous\/","og_site_name":"2Batz CC","article_modified_time":"2021-05-04T08:44:30+00:00","og_image":[{"url":"https:\/\/2batzcc.com\/wp-content\/uploads\/2021\/05\/Panhard-Panoramique-Philippe-du-Boys.jpg","type":"","width":"","height":""}],"twitter_card":"summary_large_image","twitter_misc":{"Dur\u00e9e de lecture estim\u00e9e":"2 minutes"},"schema":{"@context":"https:\/\/schema.org","@graph":[{"@type":"WebPage","@id":"https:\/\/2batzcc.com\/index.php\/qui-sommes-nous\/","url":"https:\/\/2batzcc.com\/index.php\/qui-sommes-nous\/","name":"Qui sommes-nous ? - 2Batz CC","isPartOf":{"@id":"https:\/\/2batzcc.com\/#website"},"primaryImageOfPage":{"@id":"https:\/\/2batzcc.com\/index.php\/qui-sommes-nous\/#primaryimage"},"image":{"@id":"https:\/\/2batzcc.com\/index.php\/qui-sommes-nous\/#primaryimage"},"thumbnailUrl":"https:\/\/2batzcc.com\/wp-content\/uploads\/2021\/05\/Panhard-Panoramique-Philippe-du-Boys.jpg","datePublished":"2021-02-04T13:51:01+00:00","dateModified":"2021-05-04T08:44:30+00:00","breadcrumb":{"@id":"https:\/\/2batzcc.com\/index.php\/qui-sommes-nous\/#breadcrumb"},"inLanguage":"fr-FR","potentialAction":[{"@type":"ReadAction","target":["https:\/\/2batzcc.com\/index.php\/qui-sommes-nous\/"]}]},{"@type":"ImageObject","inLanguage":"fr-FR","@id":"https:\/\/2batzcc.com\/index.php\/qui-sommes-nous\/#primaryimage","url":"https:\/\/2batzcc.com\/wp-content\/uploads\/2021\/05\/Panhard-Panoramique-Philippe-du-Boys.jpg","contentUrl":"https:\/\/2batzcc.com\/wp-content\/uploads\/2021\/05\/Panhard-Panoramique-Philippe-du-Boys.jpg","width":929,"height":598},{"@type":"BreadcrumbList","@id":"https:\/\/2batzcc.com\/index.php\/qui-sommes-nous\/#breadcrumb","itemListElement":[{"@type":"ListItem","position":1,"name":"Accueil","item":"https:\/\/2batzcc.com\/"},{"@type":"ListItem","position":2,"name":"Qui sommes-nous ?"}]},{"@type":"WebSite","@id":"https:\/\/2batzcc.com\/#website","url":"https:\/\/2batzcc.com\/","name":"2Batz CC","description":"2Batz C","publisher":{"@id":"https:\/\/2batzcc.com\/#organization"},"potentialAction":[{"@type":"SearchAction","target":{"@type":"EntryPoint","urlTemplate":"https:\/\/2batzcc.com\/?s={search_term_string}"},"query-input":{"@type":"PropertyValueSpecification","valueRequired":true,"valueName":"search_term_string"}}],"inLanguage":"fr-FR"},{"@type":"Organization","@id":"https:\/\/2batzcc.com\/#organization","name":"2Batz CC","url":"https:\/\/2batzcc.com\/","logo":{"@type":"ImageObject","inLanguage":"fr-FR","@id":"https:\/\/2batzcc.com\/#\/schema\/logo\/image\/","url":"https:\/\/2batzcc.com\/wp-content\/uploads\/2021\/02\/cropped-Logo-2Batz-Classic-Cars-e1612195067603.png","contentUrl":"https:\/\/2batzcc.com\/wp-content\/uploads\/2021\/02\/cropped-Logo-2Batz-Classic-Cars-e1612195067603.png","width":354,"height":185,"caption":"2Batz CC"},"image":{"@id":"https:\/\/2batzcc.com\/#\/schema\/logo\/image\/"}}]}},"_links":{"self":[{"href":"https:\/\/2batzcc.com\/index.php\/wp-json\/wp\/v2\/pages\/113","targetHints":{"allow":["GET"]}}],"collection":[{"href":"https:\/\/2batzcc.com\/index.php\/wp-json\/wp\/v2\/pages"}],"about":[{"href":"https:\/\/2batzcc.com\/index.php\/wp-json\/wp\/v2\/types\/page"}],"author":[{"embeddable":true,"href":"https:\/\/2batzcc.com\/index.php\/wp-json\/wp\/v2\/users\/1"}],"replies":[{"embeddable":true,"href":"https:\/\/2batzcc.com\/index.php\/wp-json\/wp\/v2\/comments?post=113"}],"version-history":[{"count":21,"href":"https:\/\/2batzcc.com\/index.php\/wp-json\/wp\/v2\/pages\/113\/revisions"}],"predecessor-version":[{"id":222,"href":"https:\/\/2batzcc.com\/index.php\/wp-json\/wp\/v2\/pages\/113\/revisions\/222"}],"wp:attachment":[{"href":"https:\/\/2batzcc.com\/index.php\/wp-json\/wp\/v2\/media?parent=113"}],"curies":[{"name":"wp","href":"https:\/\/api.w.org\/{rel}","templated":true}]}}